{"id":679,"date":"2019-07-04T13:39:22","date_gmt":"2019-07-04T11:39:22","guid":{"rendered":"http:\/\/pigeadyzu.preview.infomaniak.website\/?page_id=679"},"modified":"2020-07-09T16:59:46","modified_gmt":"2020-07-09T14:59:46","slug":"sauter-liquine","status":"publish","type":"page","link":"https:\/\/formulaires-de-contact.fr\/es\/sauter-liquine\/","title":{"rendered":"Sauter Liquine"},"content":{"rendered":"<div class=\"fusion-fullwidth fullwidth-box fusion-builder-row-1 nonhundred-percent-fullwidth non-hundred-percent-height-scrolling\" style=\"--awb-border-radius-top-left:0px;--awb-border-radius-top-right:0px;--awb-border-radius-bottom-right:0px;--awb-border-radius-bottom-left:0px;--awb-flex-wrap:wrap;\" ><div class=\"fusion-builder-row fusion-row\"><div class=\"fusion-layout-column fusion_builder_column fusion-builder-column-0 fusion_builder_column_1_1 1_1 fusion-one-full fusion-column-first fusion-column-last\" style=\"--awb-bg-size:cover;--awb-margin-bottom:0px;\"><div class=\"fusion-column-wrapper fusion-flex-column-wrapper-legacy\"><div class=\"fusion-builder-row fusion-builder-row-inner fusion-row\"><div class=\"fusion-layout-column fusion_builder_column_inner fusion-builder-nested-column-0 fusion_builder_column_inner_1_2 1_2 fusion-one-half fusion-column-first\" style=\"--awb-bg-size:cover;width:50%;width:calc(50% - ( ( 4% ) * 0.5 ) );margin-right: 4%;\"><div class=\"fusion-column-wrapper fusion-column-has-shadow fusion-flex-column-wrapper-legacy\"><div class=\"fusion-image-element fusion-image-align-center in-legacy-container\" style=\"text-align:center;--awb-caption-title-font-family:var(--h2_typography-font-family);--awb-caption-title-font-weight:var(--h2_typography-font-weight);--awb-caption-title-font-style:var(--h2_typography-font-style);--awb-caption-title-size:var(--h2_typography-font-size);--awb-caption-title-transform:var(--h2_typography-text-transform);--awb-caption-title-line-height:var(--h2_typography-line-height);--awb-caption-title-letter-spacing:var(--h2_typography-letter-spacing);\"><div class=\"imageframe-align-center\"><span class=\" fusion-imageframe imageframe-none imageframe-1 hover-type-none\"><img decoding=\"async\" width=\"300\" height=\"300\" title=\"30l_front-sur_evier\" src=\"https:\/\/formulaires-de-contact.fr\/wp-content\/uploads\/2020\/07\/30l_front-sur_evier.jpg\" data-orig-src=\"https:\/\/formulaires-de-contact.fr\/wp-content\/uploads\/2020\/07\/30l_front-sur_evier-300x300.jpg\" alt class=\"lazyload img-responsive wp-image-894\" srcset=\"data:image\/svg+xml,%3Csvg%20xmlns%3D%27http%3A%2F%2Fwww.w3.org%2F2000%2Fsvg%27%20width%3D%27800%27%20height%3D%27800%27%20viewBox%3D%270%200%20800%20800%27%3E%3Crect%20width%3D%27800%27%20height%3D%27800%27%20fill-opacity%3D%220%22%2F%3E%3C%2Fsvg%3E\" data-srcset=\"https:\/\/formulaires-de-contact.fr\/wp-content\/uploads\/2020\/07\/30l_front-sur_evier-200x200.jpg 200w, https:\/\/formulaires-de-contact.fr\/wp-content\/uploads\/2020\/07\/30l_front-sur_evier-400x400.jpg 400w, https:\/\/formulaires-de-contact.fr\/wp-content\/uploads\/2020\/07\/30l_front-sur_evier-600x600.jpg 600w, https:\/\/formulaires-de-contact.fr\/wp-content\/uploads\/2020\/07\/30l_front-sur_evier.jpg 800w\" data-sizes=\"auto\" data-orig-sizes=\"(max-width: 800px) 100vw, 600px\" \/><\/span><\/div><\/div><div class=\"fusion-clearfix\"><\/div><\/div><\/div><div class=\"fusion-layout-column fusion_builder_column_inner fusion-builder-nested-column-1 fusion_builder_column_inner_1_2 1_2 fusion-one-half fusion-column-last\" style=\"--awb-bg-size:cover;width:50%;width:calc(50% - ( ( 4% ) * 0.5 ) );\"><div class=\"fusion-column-wrapper fusion-column-has-shadow fusion-flex-column-wrapper-legacy\"><div class=\"fusion-image-element fusion-image-align-center in-legacy-container\" style=\"text-align:center;--awb-caption-title-font-family:var(--h2_typography-font-family);--awb-caption-title-font-weight:var(--h2_typography-font-weight);--awb-caption-title-font-style:var(--h2_typography-font-style);--awb-caption-title-size:var(--h2_typography-font-size);--awb-caption-title-transform:var(--h2_typography-text-transform);--awb-caption-title-line-height:var(--h2_typography-line-height);--awb-caption-title-letter-spacing:var(--h2_typography-letter-spacing);\"><div class=\"imageframe-align-center\"><span class=\" fusion-imageframe imageframe-none imageframe-2 hover-type-none\"><img decoding=\"async\" width=\"300\" height=\"300\" title=\"15l_sous-evier\" src=\"https:\/\/formulaires-de-contact.fr\/wp-content\/uploads\/2020\/07\/15l_sous-evier.jpg\" data-orig-src=\"https:\/\/formulaires-de-contact.fr\/wp-content\/uploads\/2020\/07\/15l_sous-evier-300x300.jpg\" alt class=\"lazyload img-responsive wp-image-895\" srcset=\"data:image\/svg+xml,%3Csvg%20xmlns%3D%27http%3A%2F%2Fwww.w3.org%2F2000%2Fsvg%27%20width%3D%27800%27%20height%3D%27800%27%20viewBox%3D%270%200%20800%20800%27%3E%3Crect%20width%3D%27800%27%20height%3D%27800%27%20fill-opacity%3D%220%22%2F%3E%3C%2Fsvg%3E\" data-srcset=\"https:\/\/formulaires-de-contact.fr\/wp-content\/uploads\/2020\/07\/15l_sous-evier-200x200.jpg 200w, https:\/\/formulaires-de-contact.fr\/wp-content\/uploads\/2020\/07\/15l_sous-evier-400x400.jpg 400w, https:\/\/formulaires-de-contact.fr\/wp-content\/uploads\/2020\/07\/15l_sous-evier-600x600.jpg 600w, https:\/\/formulaires-de-contact.fr\/wp-content\/uploads\/2020\/07\/15l_sous-evier.jpg 800w\" data-sizes=\"auto\" data-orig-sizes=\"(max-width: 800px) 100vw, 600px\" \/><\/span><\/div><\/div><div class=\"fusion-clearfix\"><\/div><\/div><\/div><\/div><div class=\"fusion-text fusion-text-1\"><p>Chers clients,<\/p>\n<p style=\"text-align: left;\">A titre de pr\u00e9caution et afin de garantir la s\u00e9curit\u00e9 des consommateurs, il a \u00e9t\u00e9 d\u00e9cid\u00e9 de rappeler les r\u00e9f\u00e9rences de chauffe-eau <em>Liquine <\/em>d\u00e9sign\u00e9es ci-dessous. Seuls certains de ces produits peuvent se r\u00e9v\u00e9ler d\u00e9fectueux, s\u2019ouvrir et dans des cas extr\u00eames entra\u00eener la chute de la cuve.<\/p>\n<table style=\"margin: 40px 0px;\" width=\"100%\">\n<tbody>\n<tr>\n<td style=\"padding: 16px; background: #1DB100; color: white; border: 2px solid white;\" width=\"30%\">R\u00e9f\u00e9rences du Produit<\/td>\n<td style=\"padding: 16px; background: #1DB100; color: white; border: 2px solid white;\" width=\"30%\">GENCOD<\/td>\n<td style=\"padding: 16px; background: #1DB100; color: white; border: 2px solid white;\" width=\"40%\">D\u00e9signation<\/td>\n<\/tr>\n<tr>\n<td style=\"padding: 16px; background: #F3F3F3; border: 2px solid white;\" width=\"30%\">321093<br \/>\n321083<br \/>\n331023<\/td>\n<td style=\"padding: 16px; background: #F3F3F3; border: 2px solid white;\" width=\"30%\">3410533210932<br \/>\n3410533210833<br \/>\n3410533310236<\/td>\n<td style=\"padding: 16px; background: #F3F3F3; border: 2px solid white;\" width=\"40%\">CHAUFFE-EAU SAUTER\u00a0 Liquine 15l sous \u00e9vier<br \/>\nCHAUFFE-EAU SAUTER\u00a0 Liquine 15l sur \u00e9vier<br \/>\nCHAUFFE-EAU SAUTER\u00a0 Liquine 30l sur \u00e9vier<\/td>\n<\/tr>\n<\/tbody>\n<\/table>\n<p style=\"text-align: left;\">C\u2019est pourquoi, nous vous demandons de vous munir de votre num\u00e9ro de s\u00e9rie et de suivre les indications ci-apr\u00e8s afin de v\u00e9rifier si votre produit doit faire l\u2019objet d\u2019un remplacement.<\/p>\n<p><strong>Pour que <i>Sauter Services<\/i> puisse vous contacter ult\u00e9rieurement si n\u00e9cessaire, merci de renseigner ci-dessous vos coordonn\u00e9es\u00a0:<\/strong><\/p>\n<\/div><script type=\"text\/javascript\">\n\/* <![CDATA[ *\/\nvar gform;gform||(document.addEventListener(\"gform_main_scripts_loaded\",function(){gform.scriptsLoaded=!0}),document.addEventListener(\"gform\/theme\/scripts_loaded\",function(){gform.themeScriptsLoaded=!0}),window.addEventListener(\"DOMContentLoaded\",function(){gform.domLoaded=!0}),gform={domLoaded:!1,scriptsLoaded:!1,themeScriptsLoaded:!1,isFormEditor:()=>\"function\"==typeof InitializeEditor,callIfLoaded:function(o){return!(!gform.domLoaded||!gform.scriptsLoaded||!gform.themeScriptsLoaded&&!gform.isFormEditor()||(gform.isFormEditor()&&console.warn(\"The use of gform.initializeOnLoaded() is deprecated in the form editor context and will be removed in Gravity Forms 3.1.\"),o(),0))},initializeOnLoaded:function(o){gform.callIfLoaded(o)||(document.addEventListener(\"gform_main_scripts_loaded\",()=>{gform.scriptsLoaded=!0,gform.callIfLoaded(o)}),document.addEventListener(\"gform\/theme\/scripts_loaded\",()=>{gform.themeScriptsLoaded=!0,gform.callIfLoaded(o)}),window.addEventListener(\"DOMContentLoaded\",()=>{gform.domLoaded=!0,gform.callIfLoaded(o)}))},hooks:{action:{},filter:{}},addAction:function(o,r,e,t){gform.addHook(\"action\",o,r,e,t)},addFilter:function(o,r,e,t){gform.addHook(\"filter\",o,r,e,t)},doAction:function(o){gform.doHook(\"action\",o,arguments)},applyFilters:function(o){return gform.doHook(\"filter\",o,arguments)},removeAction:function(o,r){gform.removeHook(\"action\",o,r)},removeFilter:function(o,r,e){gform.removeHook(\"filter\",o,r,e)},addHook:function(o,r,e,t,n){null==gform.hooks[o][r]&&(gform.hooks[o][r]=[]);var d=gform.hooks[o][r];null==n&&(n=r+\"_\"+d.length),gform.hooks[o][r].push({tag:n,callable:e,priority:t=null==t?10:t})},doHook:function(r,o,e){var t;if(e=Array.prototype.slice.call(e,1),null!=gform.hooks[r][o]&&((o=gform.hooks[r][o]).sort(function(o,r){return o.priority-r.priority}),o.forEach(function(o){\"function\"!=typeof(t=o.callable)&&(t=window[t]),\"action\"==r?t.apply(null,e):e[0]=t.apply(null,e)})),\"filter\"==r)return e[0]},removeHook:function(o,r,t,n){var e;null!=gform.hooks[o][r]&&(e=(e=gform.hooks[o][r]).filter(function(o,r,e){return!!(null!=n&&n!=o.tag||null!=t&&t!=o.priority)}),gform.hooks[o][r]=e)}});\n\/* ]]> *\/\n<\/script>\n\n                <div class='gf_browser_gecko gform_wrapper gform_legacy_markup_wrapper gform-theme--no-framework' data-form-theme='legacy' data-form-index='0' id='gform_wrapper_62' ><div id='gf_62' class='gform_anchor' tabindex='-1'><\/div><form method='post' enctype='multipart\/form-data' target='gform_ajax_frame_62' id='gform_62'  action='\/es\/wp-json\/wp\/v2\/pages\/679#gf_62' data-formid='62' novalidate>\n                        <div class='gform-body gform_body'><ul id='gform_fields_62' class='gform_fields top_label form_sublabel_below description_below validation_below'><li id=\"field_62_10\" class=\"gfield gfield--type-honeypot gform_validation_container field_sublabel_below gfield--has-description field_description_below field_validation_below gfield_visibility_visible\"  ><label class='gfield_label gform-field-label' for='input_62_10'>X\/Twitter<\/label><div class='ginput_container'><input name='input_10' id='input_62_10' type='text' value='' autocomplete='new-password'\/><\/div><div class='gfield_description' id='gfield_description_62_10'>Este campo es un campo de validaci\u00f3n y debe quedar sin cambios.<\/div><\/li><li id=\"field_62_4\" class=\"gfield gfield--type-text gf_left_half gfield_contains_required field_sublabel_below gfield--no-description field_description_below field_validation_below gfield_visibility_visible\"  ><label class='gfield_label gform-field-label' for='input_62_4'>Nom<span class=\"gfield_required\"><span class=\"gfield_required gfield_required_asterisk\">*<\/span><\/span><\/label><div class='ginput_container ginput_container_text'><input name='input_4' id='input_62_4' type='text' value='' class='medium'     aria-required=\"true\" aria-invalid=\"false\"   \/><\/div><\/li><li id=\"field_62_5\" class=\"gfield gfield--type-phone gf_right_half gfield_contains_required field_sublabel_below gfield--no-description field_description_below field_validation_below gfield_visibility_visible\"  ><label class='gfield_label gform-field-label' for='input_62_5'>T\u00e9l\u00e9phone<span class=\"gfield_required\"><span class=\"gfield_required gfield_required_asterisk\">*<\/span><\/span><\/label><div class='ginput_container ginput_container_phone'><input name='input_5' id='input_62_5' type='tel' value='' class='medium'   aria-required=\"true\" aria-invalid=\"false\"   \/><\/div><\/li><li id=\"field_62_9\" class=\"gfield gfield--type-number gf_left_half gfield_contains_required field_sublabel_below gfield--no-description field_description_below field_validation_below gfield_visibility_visible\"  ><label class='gfield_label gform-field-label' for='input_62_9'>Code postal<span class=\"gfield_required\"><span class=\"gfield_required gfield_required_asterisk\">*<\/span><\/span><\/label><div class='ginput_container ginput_container_number'><input name='input_9' id='input_62_9' type='number' step='any'   value='' class='medium'     aria-required=\"true\" aria-invalid=\"false\"  \/><\/div><\/li><li id=\"field_62_6\" class=\"gfield gfield--type-email gf_right_half field_sublabel_below gfield--no-description field_description_below field_validation_below gfield_visibility_visible\"  ><label class='gfield_label gform-field-label' for='input_62_6'>E-mail<\/label><div class='ginput_container ginput_container_email'>\n                            <input name='input_6' id='input_62_6' type='email' value='' class='medium'     aria-invalid=\"false\"  \/>\n                        <\/div><\/li><li id=\"field_62_2\" class=\"gfield gfield--type-number gfield_contains_required field_sublabel_below gfield--has-description field_description_below field_validation_below gfield_visibility_visible\"  ><label class='gfield_label gform-field-label' for='input_62_2'>Num\u00e9ro de s\u00e9rie<span class=\"gfield_required\"><span class=\"gfield_required gfield_required_asterisk\">*<\/span><\/span><\/label><div class='ginput_container ginput_container_number'><input name='input_2' id='input_62_2' type='number' step='any'   value='' class='small'    placeholder='XXXXXXXXX' aria-required=\"true\" aria-invalid=\"false\" aria-describedby=\"gfield_description_62_2\" \/><\/div><div class='gfield_description' id='gfield_description_62_2'><h3>V\u00c9RIFIEZ ICI EN QUELQUES CLICS SI VOTRE CHAUFFE EAU LIQUINE EST CONCERN\u00c9 OU NON PAR CE RAPPEL :<br><br>\nMunissez-vous du NUMERO DE SERIE (N\/S) de votre chauffe-eau.<br>\nVous le trouverez sur le produit, \u00e0 c\u00f4t\u00e9 des piquages de raccordement hydraulique :<br><\/h3>\n<img class=\"lazyload\" decoding=\"async\" src=\"data:image\/gif;base64,R0lGODlhAQABAAAAACH5BAEKAAEALAAAAAABAAEAAAICTAEAOw==\" data-orig-src=\"\/wp-content\/uploads\/2019\/07\/Liquine-sauter-numero-serie.jpg\"><\/div><\/li><li id=\"field_62_8\" class=\"gfield gfield--type-html gfield_html gfield_html_formatted field_sublabel_below gfield--no-description field_description_below field_validation_below gfield_visibility_visible\"  >Vos coordonn\u00e9es pourront \u00eatre utilis\u00e9es exclusivement dans le cadre de ce rappel.<br>\nVotre adresse de messagerie est uniquement utilis\u00e9e pour vous envoyer des informations li\u00e9es \u00e0 cette campagne de rappel. Pour en savoir plus sur la gestion de vos donn\u00e9es et vos droits.\n<a href=\"https:\/\/www.confort-sauter.com\/Politique-de-protection-des-donnees\">https:\/\/www.confort-sauter.com\/Politique-de-protection-des-donnees<\/a><\/li><\/ul><\/div>\n        <div class='gform-footer gform_footer top_label'> <div class=\"gf-turnstile-container\"> <div id=\"cf-turnstile-gf-62\" class=\"cf-turnstile\" data-sitekey=\"0x4AAAAAAB8DHbhqivx40fGr\" data-theme=\"light\" data-language=\"auto\" data-size=\"normal\" data-retry=\"auto\" data-retry-interval=\"1000\" data-refresh-expired=\"auto\" data-action=\"gravity-form-62\" data-appearance=\"always\"><\/div> <script>document.addEventListener(\"DOMContentLoaded\", function() { setTimeout(function(){ var e=document.getElementById(\"cf-turnstile-gf-62\"); e&&!e.innerHTML.trim()&&(turnstile.remove(\"#cf-turnstile-gf-62\"), turnstile.render(\"#cf-turnstile-gf-62\", {sitekey:\"0x4AAAAAAB8DHbhqivx40fGr\"})); }, 100); });<\/script> <br class=\"cf-turnstile-br cf-turnstile-br-gf-62\"> <style>#cf-turnstile-gf-62 { margin-left: -15px; }<\/style> <\/div> <style> .gf-turnstile-container { width: 100%; } .gform_footer.top_label { display: flex; flex-wrap: wrap; } <\/style> <script>document.addEventListener(\"DOMContentLoaded\", function() {document.addEventListener('gform\/post_render', function handlePostRender(event) {if (event.detail.formId !== 62) {return;}gform.utils.addAsyncFilter('gform\/submission\/pre_submission', async function handlePreSubmission(data) {document.addEventListener('gform\/post_render', function rerenderTurnstile(event) {if (event.detail.formId !== 62) {return;}const turnstileElement = document.getElementById('cf-turnstile-gf-62');if (turnstileElement) {turnstile.remove('#cf-turnstile-gf-62');turnstile.render('#cf-turnstile-gf-62');}document.removeEventListener('gform\/post_render', rerenderTurnstile);});gform.utils.removeFilter('gform\/submission\/pre_submission', handlePreSubmission);return data;});document.removeEventListener('gform\/post_render', handlePostRender);});});<\/script><input type='submit' id='gform_submit_button_62' class='gform_button button' onclick='gform.submission.handleButtonClick(this);' data-submission-type='submit' value='Envoyer'  \/> <input type='hidden' name='gform_ajax' value='form_id=62&amp;title=&amp;description=&amp;tabindex=0&amp;theme=legacy&amp;styles=[]&amp;hash=3229d25d7e7e7fb21f260dd034ffa737' \/>\n            <input type='hidden' class='gform_hidden' name='gform_submission_method' data-js='gform_submission_method_62' value='iframe' \/>\n            <input type='hidden' class='gform_hidden' name='gform_theme' data-js='gform_theme_62' id='gform_theme_62' value='legacy' \/>\n            <input type='hidden' class='gform_hidden' name='gform_style_settings' data-js='gform_style_settings_62' id='gform_style_settings_62' value='[]' \/>\n            <input type='hidden' class='gform_hidden' name='is_submit_62' value='1' \/>\n            <input type='hidden' class='gform_hidden' name='gform_submit' value='62' \/>\n            \n            <input type='hidden' class='gform_hidden' name='gform_currency' data-currency='EUR' value='aWFtjoIBxgVbCKJY3H3JnzlCS0B7mmq9Rxbg4qDrCPTLaL2kZbQTKMBbXVEh6rbazNPXkdi2eIJLaqFB1TG1I0ARoZAkSGHDfAdJsOqSctfsPvI=' \/>\n            <input type='hidden' class='gform_hidden' name='gform_unique_id' value='' \/>\n            <input type='hidden' class='gform_hidden' name='state_62' value='WyJbXSIsIjU3Njc4NGZjZTllYjYxODk3Njc4N2VmZGUwMTZmZjgwIl0=' \/>\n            <input type='hidden' autocomplete='off' class='gform_hidden' name='gform_target_page_number_62' id='gform_target_page_number_62' value='0' \/>\n            <input type='hidden' autocomplete='off' class='gform_hidden' name='gform_source_page_number_62' id='gform_source_page_number_62' value='1' \/>\n            <input type='hidden' name='gform_field_values' value='' \/>\n            \n        <\/div>\n                        <\/form>\n                        <\/div>\n\t\t                <iframe style='display:none;width:0px;height:0px;' src='about:blank' name='gform_ajax_frame_62' id='gform_ajax_frame_62' title='Este iframe contiene la l\u00f3gica necesaria para gestionar formularios con ajax activado.'><\/iframe>\n\t\t                <script type=\"text\/javascript\">\n\/* <![CDATA[ *\/\n gform.initializeOnLoaded( function() {gformInitSpinner( 62, 'https:\/\/formulaires-de-contact.fr\/wp-content\/plugins\/gravityforms\/images\/spinner.svg', true );jQuery('#gform_ajax_frame_62').on('load',function(){var contents = jQuery(this).contents().find('*').html();var is_postback = contents.indexOf('GF_AJAX_POSTBACK') >= 0;if(!is_postback){return;}var form_content = jQuery(this).contents().find('#gform_wrapper_62');var is_confirmation = jQuery(this).contents().find('#gform_confirmation_wrapper_62').length > 0;var is_redirect = contents.indexOf('gformRedirect(){') >= 0;var is_form = form_content.length > 0 && ! is_redirect && ! is_confirmation;var mt = parseInt(jQuery('html').css('margin-top'), 10) + parseInt(jQuery('body').css('margin-top'), 10) + 100;if(is_form){jQuery('#gform_wrapper_62').html(form_content.html());if(form_content.hasClass('gform_validation_error')){jQuery('#gform_wrapper_62').addClass('gform_validation_error');} else {jQuery('#gform_wrapper_62').removeClass('gform_validation_error');}setTimeout( function() { \/* delay the scroll by 50 milliseconds to fix a bug in chrome *\/ jQuery(document).scrollTop(jQuery('#gform_wrapper_62').offset().top - mt); }, 50 );if(window['gformInitDatepicker']) {gformInitDatepicker();}if(window['gformInitPriceFields']) {gformInitPriceFields();}var current_page = jQuery('#gform_source_page_number_62').val();gformInitSpinner( 62, 'https:\/\/formulaires-de-contact.fr\/wp-content\/plugins\/gravityforms\/images\/spinner.svg', true );jQuery(document).trigger('gform_page_loaded', [62, current_page]);window['gf_submitting_62'] = false;}else if(!is_redirect){var confirmation_content = jQuery(this).contents().find('.GF_AJAX_POSTBACK').html();if(!confirmation_content){confirmation_content = contents;}jQuery('#gform_wrapper_62').replaceWith(confirmation_content);jQuery(document).scrollTop(jQuery('#gf_62').offset().top - mt);jQuery(document).trigger('gform_confirmation_loaded', [62]);window['gf_submitting_62'] = false;wp.a11y.speak(jQuery('#gform_confirmation_message_62').text());}else{jQuery('#gform_62').append(contents);if(window['gformRedirect']) {gformRedirect();}}jQuery(document).trigger(\"gform_pre_post_render\", [{ formId: \"62\", currentPage: \"current_page\", abort: function() { this.preventDefault(); } }]);        if (event && event.defaultPrevented) {                return;        }        const gformWrapperDiv = document.getElementById( \"gform_wrapper_62\" );        if ( gformWrapperDiv ) {            const visibilitySpan = document.createElement( \"span\" );            visibilitySpan.id = \"gform_visibility_test_62\";            gformWrapperDiv.insertAdjacentElement( \"afterend\", visibilitySpan );        }        const visibilityTestDiv = document.getElementById( \"gform_visibility_test_62\" );        let postRenderFired = false;        function triggerPostRender() {            if ( postRenderFired ) {                return;            }            postRenderFired = true;            gform.core.triggerPostRenderEvents( 62, current_page );            if ( visibilityTestDiv ) {                visibilityTestDiv.parentNode.removeChild( visibilityTestDiv );            }        }        function debounce( func, wait, immediate ) {            var timeout;            return function() {                var context = this, args = arguments;                var later = function() {                    timeout = null;                    if ( !immediate ) func.apply( context, args );                };                var callNow = immediate && !timeout;                clearTimeout( timeout );                timeout = setTimeout( later, wait );                if ( callNow ) func.apply( context, args );            };        }        const debouncedTriggerPostRender = debounce( function() {            triggerPostRender();        }, 200 );        if ( visibilityTestDiv && visibilityTestDiv.offsetParent === null ) {            const observer = new MutationObserver( ( mutations ) => {                mutations.forEach( ( mutation ) => {                    if ( mutation.type === 'attributes' && visibilityTestDiv.offsetParent !== null ) {                        debouncedTriggerPostRender();                        observer.disconnect();                    }                });            });            observer.observe( document.body, {                attributes: true,                childList: false,                subtree: true,                attributeFilter: [ 'style', 'class' ],            });        } else {            triggerPostRender();        }    } );} ); \n\/* ]]> *\/\n<\/script>\n<div class=\"fusion-clearfix\"><\/div><\/div><\/div><\/div><\/div>\n","protected":false},"excerpt":{"rendered":"","protected":false},"author":11,"featured_media":0,"parent":0,"menu_order":0,"comment_status":"closed","ping_status":"closed","template":"","meta":{"_acf_changed":false,"footnotes":""},"class_list":["post-679","page","type-page","status-publish","hentry"],"acf":[],"_links":{"self":[{"href":"https:\/\/formulaires-de-contact.fr\/es\/wp-json\/wp\/v2\/pages\/679","targetHints":{"allow":["GET"]}}],"collection":[{"href":"https:\/\/formulaires-de-contact.fr\/es\/wp-json\/wp\/v2\/pages"}],"about":[{"href":"https:\/\/formulaires-de-contact.fr\/es\/wp-json\/wp\/v2\/types\/page"}],"author":[{"embeddable":true,"href":"https:\/\/formulaires-de-contact.fr\/es\/wp-json\/wp\/v2\/users\/11"}],"replies":[{"embeddable":true,"href":"https:\/\/formulaires-de-contact.fr\/es\/wp-json\/wp\/v2\/comments?post=679"}],"version-history":[{"count":26,"href":"https:\/\/formulaires-de-contact.fr\/es\/wp-json\/wp\/v2\/pages\/679\/revisions"}],"predecessor-version":[{"id":900,"href":"https:\/\/formulaires-de-contact.fr\/es\/wp-json\/wp\/v2\/pages\/679\/revisions\/900"}],"wp:attachment":[{"href":"https:\/\/formulaires-de-contact.fr\/es\/wp-json\/wp\/v2\/media?parent=679"}],"curies":[{"name":"wp","href":"https:\/\/api.w.org\/{rel}","templated":true}]}}